{"id":252,"date":"2024-02-16T23:24:02","date_gmt":"2024-02-16T22:24:02","guid":{"rendered":"https:\/\/guyvaxelaire.fr\/index.php\/la-bresse-bilan-numerique-de-2008-a-2014-et-projets-proposes-jusquen-2020\/"},"modified":"2024-02-16T23:33:11","modified_gmt":"2024-02-16T22:33:11","slug":"la-bresse-bilan-numerique-de-2008-a-2014-et-projets-proposes-jusquen-2020","status":"publish","type":"page","link":"https:\/\/guyvaxelaire.fr\/index.php\/la-bresse-bilan-numerique-de-2008-a-2014-et-projets-proposes-jusquen-2020\/","title":{"rendered":"La Bresse &#8211; Bilan Num\u00e9rique de 2008 \u00e0 2014 et projets propos\u00e9s jusqu&rsquo;en 2020"},"content":{"rendered":"\n\n\n\n","protected":false},"excerpt":{"rendered":"","protected":false},"author":2,"featured_media":0,"parent":0,"menu_order":0,"comment_status":"closed","ping_status":"closed","template":"full-width","meta":{"saved_in_kubio":true,"footnotes":""},"class_list":["post-252","page","type-page","status-publish","hentry"],"kubio_ai_page_context":{"short_desc":"","purpose":"general"},"_links":{"self":[{"href":"https:\/\/guyvaxelaire.fr\/index.php\/wp-json\/wp\/v2\/pages\/252","targetHints":{"allow":["GET"]}}],"collection":[{"href":"https:\/\/guyvaxelaire.fr\/index.php\/wp-json\/wp\/v2\/pages"}],"about":[{"href":"https:\/\/guyvaxelaire.fr\/index.php\/wp-json\/wp\/v2\/types\/page"}],"author":[{"embeddable":true,"href":"https:\/\/guyvaxelaire.fr\/index.php\/wp-json\/wp\/v2\/users\/2"}],"replies":[{"embeddable":true,"href":"https:\/\/guyvaxelaire.fr\/index.php\/wp-json\/wp\/v2\/comments?post=252"}],"version-history":[{"count":2,"href":"https:\/\/guyvaxelaire.fr\/index.php\/wp-json\/wp\/v2\/pages\/252\/revisions"}],"predecessor-version":[{"id":258,"href":"https:\/\/guyvaxelaire.fr\/index.php\/wp-json\/wp\/v2\/pages\/252\/revisions\/258"}],"wp:attachment":[{"href":"https:\/\/guyvaxelaire.fr\/index.php\/wp-json\/wp\/v2\/media?parent=252"}],"curies":[{"name":"wp","href":"https:\/\/api.w.org\/{rel}","templated":true}]}}